{"id":6,"date":"2013-02-04T18:23:46","date_gmt":"2013-02-04T20:23:46","guid":{"rendered":"http:\/\/epya.com.uy\/primeglobal\/?page_id=6"},"modified":"2013-02-05T09:27:46","modified_gmt":"2013-02-05T11:27:46","slug":"about-epya","status":"publish","type":"page","link":"http:\/\/epya.com.uy\/primeglobal\/about-epya\/","title":{"rendered":"La Firma"},"content":{"rendered":"<p><strong><a href=\"http:\/\/epya.com.uy\/primeglobal\/wp-content\/uploads\/2012\/08\/0010833983Q-849x565.jpg\"><img loading=\"lazy\" decoding=\"async\" class=\"alignright size-medium wp-image-8\" title=\"Personal del estudio\" src=\"http:\/\/epya.com.uy\/primeglobal\/wp-content\/uploads\/2012\/08\/0010833983Q-849x565-300x199.jpg\" alt=\"grupo de personas \" width=\"300\" height=\"199\" srcset=\"http:\/\/epya.com.uy\/primeglobal\/wp-content\/uploads\/2012\/08\/0010833983Q-849x565-300x199.jpg 300w, http:\/\/epya.com.uy\/primeglobal\/wp-content\/uploads\/2012\/08\/0010833983Q-849x565.jpg 848w\" sizes=\"auto, (max-width: 300px) 100vw, 300px\" \/><\/a><\/strong><\/p>\n<div>\u00abEchevarr\u00eda Petit &amp; Asoc S.R.L.\u00bb actual denominaci\u00f3n de la Firma, es la organizaci\u00f2n profesional bajo la cual su socio principal, Contador Jorge Echevarr\u00eda Petit, contin\u00faa desarrollando la actividad que inici\u00f3 la firma en el a\u00f1o 1950. La misma es miembro independiente de \u00a0la\u00a0asociaci\u00f3n\u00a0<strong>PrimeGlobal <\/strong>lo que le permite prestar asistencia a sus clientes en cualquier parte del mundo.<\/div>\n<div><\/div>\n<div>La firma se encuentra integrada actualmente por los socios Jorge Echevarr\u00eda Petit y Santiago Lussich Rachetti, siendo los dos contadores p\u00fablicos uruguayos que obtuvieron sus t\u00edtulos habilitantes en la Universidad Mayor de la Rep\u00fablica, y en la Universidad de Montevideo, respectivamente.<\/div>\n<div><\/div>\n<div>Podemos decir que nuestra firma se caracteriza por prestar servicios de alta calidad y siempre coordinados por uno de los socios o gerentes de la firma.<\/div>\n<div><\/div>\n<div>Los servicios profesionales que ofrece la firma son los de asesoramiento tributario y societario, auditoria y consultoria.<\/div>\n<div>Los socios est\u00e1n afiliados al Colegio de Contadores, Economistas y Administradores del Uruguay, y al Instituto Uruguayo de Estudios Tributarios, participando activamente en las actividades que ambas instituciones llevan a cabo. El CP Echevarr\u00eda Petit esta afiliado\u00a0tambi\u00e9n\u00a0 a la\u00a0Asociaci\u00f3n\u00a0Interamericana de Contabilidad.<\/div>\n<div><\/div>\n<p><strong><br \/>\n<\/strong><\/p>\n","protected":false},"excerpt":{"rendered":"<p>\u00abEchevarr\u00eda Petit &amp; Asoc S.R.L.\u00bb actual denominaci\u00f3n de la Firma, es la organizaci\u00f2n profesional bajo la cual su socio principal, Contador Jorge Echevarr\u00eda Petit, contin\u00faa desarrollando la actividad que inici\u00f3 la firma en el a\u00f1o 1950. La misma es miembro independiente de \u00a0la\u00a0asociaci\u00f3n\u00a0PrimeGlobal lo que le permite prestar asistencia a sus clientes en cualquier parte [&hellip;]<\/p>\n","protected":false},"author":3,"featured_media":8,"parent":0,"menu_order":0,"comment_status":"open","ping_status":"open","template":"page-full.php","meta":{"footnotes":""},"class_list":["post-6","page","type-page","status-publish","has-post-thumbnail","hentry"],"_links":{"self":[{"href":"http:\/\/epya.com.uy\/primeglobal\/wp-json\/wp\/v2\/pages\/6","targetHints":{"allow":["GET"]}}],"collection":[{"href":"http:\/\/epya.com.uy\/primeglobal\/wp-json\/wp\/v2\/pages"}],"about":[{"href":"http:\/\/epya.com.uy\/primeglobal\/wp-json\/wp\/v2\/types\/page"}],"author":[{"embeddable":true,"href":"http:\/\/epya.com.uy\/primeglobal\/wp-json\/wp\/v2\/users\/3"}],"replies":[{"embeddable":true,"href":"http:\/\/epya.com.uy\/primeglobal\/wp-json\/wp\/v2\/comments?post=6"}],"version-history":[{"count":29,"href":"http:\/\/epya.com.uy\/primeglobal\/wp-json\/wp\/v2\/pages\/6\/revisions"}],"predecessor-version":[{"id":41,"href":"http:\/\/epya.com.uy\/primeglobal\/wp-json\/wp\/v2\/pages\/6\/revisions\/41"}],"wp:featuredmedia":[{"embeddable":true,"href":"http:\/\/epya.com.uy\/primeglobal\/wp-json\/wp\/v2\/media\/8"}],"wp:attachment":[{"href":"http:\/\/epya.com.uy\/primeglobal\/wp-json\/wp\/v2\/media?parent=6"}],"curies":[{"name":"wp","href":"https:\/\/api.w.org\/{rel}","templated":true}]}}